{"id":1458,"date":"2024-03-30T21:15:53","date_gmt":"2024-03-30T21:15:53","guid":{"rendered":"https:\/\/melita-cameron-wood.com\/quien-soy\/"},"modified":"2025-08-13T20:01:13","modified_gmt":"2025-08-13T20:01:13","slug":"quien-soy","status":"publish","type":"page","link":"https:\/\/melita-cameron-wood.com\/es\/","title":{"rendered":"Qui\u00e9n soy"},"content":{"rendered":"<p>[et_pb_section fb_built=&#8221;1&#8243; admin_label=&#8221;Best Selling Books Section&#8221; _builder_version=&#8221;4.27.4&#8243; use_background_color_gradient=&#8221;on&#8221; background_color_gradient_stops=&#8221;#2b87da 0%|#1fe0ba 0%&#8221; custom_padding=&#8221;101px||161px|||&#8221; top_divider_color=&#8221;#f4f4f4&#8243; bottom_divider_style=&#8221;ramp&#8221; bottom_divider_color=&#8221;#E5E5E5&#8243; global_colors_info=&#8221;{}&#8221;][et_pb_row column_structure=&#8221;1_2,1_2&#8243; _builder_version=&#8221;4.27.4&#8243; _module_preset=&#8221;default&#8221; custom_padding=&#8221;|0px||||&#8221; hover_enabled=&#8221;0&#8243; border_radii=&#8221;on|2px|2px|2px|2px&#8221; global_colors_info=&#8221;{}&#8221; background_enable_color=&#8221;off&#8221; sticky_enabled=&#8221;0&#8243;][et_pb_column type=&#8221;1_2&#8243; _builder_version=&#8221;4.25.2&#8243; _module_preset=&#8221;default&#8221; global_colors_info=&#8221;{}&#8221;][et_pb_image src=&#8221;https:\/\/melita-cameron-wood.com\/wp-content\/uploads\/2024\/06\/DSC_0015-scaled.jpg&#8221; title_text=&#8221;DSC_0015&#8243; _builder_version=&#8221;4.25.2&#8243; _module_preset=&#8221;default&#8221; border_radii=&#8221;on|6px|6px|6px|6px&#8221; global_colors_info=&#8221;{}&#8221;][\/et_pb_image][\/et_pb_column][et_pb_column type=&#8221;1_2&#8243; _builder_version=&#8221;4.25.2&#8243; _module_preset=&#8221;default&#8221; global_colors_info=&#8221;{}&#8221;][et_pb_text admin_label=&#8221;Title&#8221; _builder_version=&#8221;4.26.0&#8243; text_font=&#8221;Nunito|600|||||||&#8221; text_font_size=&#8221;15px&#8221; header_font=&#8221;||||||||&#8221; header_2_font=&#8221;|700|||||||&#8221; header_2_font_size=&#8221;64px&#8221; header_2_line_height=&#8221;1.2em&#8221; header_4_font=&#8221;Nunito|700||on|||||&#8221; header_4_text_color=&#8221;#bda392&#8243; header_4_letter_spacing=&#8221;2px&#8221; header_4_line_height=&#8221;1.8em&#8221; header_6_font=&#8221;Nunito|600|||||||&#8221; header_6_text_color=&#8221;#666666&#8243; header_6_font_size=&#8221;18px&#8221; header_6_line_height=&#8221;1.4em&#8221; text_orientation=&#8221;center&#8221; custom_margin=&#8221;|||&#8221; animation_style=&#8221;fade&#8221; animation_direction=&#8221;right&#8221; animation_starting_opacity=&#8221;100%&#8221; header_font_size_tablet=&#8221;40px&#8221; header_font_size_last_edited=&#8221;off|desktop&#8221; header_2_font_size_tablet=&#8221;40px&#8221; header_2_font_size_phone=&#8221;&#8221; header_2_font_size_last_edited=&#8221;on|desktop&#8221; locked=&#8221;off&#8221; inline_fonts=&#8221;ABeeZee&#8221; global_colors_info=&#8221;{}&#8221;]<\/p>\n<h2><span style=\"color: #ffffff;\"><span style=\"font-family: ABeeZee;\">\u00a1Hola!<\/span><\/span><\/h2>\n<p>[\/et_pb_text][et_pb_text _builder_version=&#8221;4.26.0&#8243; _module_preset=&#8221;default&#8221; text_font=&#8221;||||||||&#8221; background_color=&#8221;RGBA(255,255,255,0)&#8221; transform_scale=&#8221;106%|106%&#8221; width_tablet=&#8221;&#8221; width_phone=&#8221;80%&#8221; width_last_edited=&#8221;on|phone&#8221; max_width=&#8221;80%&#8221; module_alignment=&#8221;center&#8221; min_height=&#8221;700px&#8221; height=&#8221;700px&#8221; max_height=&#8221;700px&#8221; overflow-x=&#8221;visible&#8221; overflow-y=&#8221;visible&#8221; custom_margin=&#8221;2px||-192px||false|false&#8221; custom_padding=&#8221;2px||||false|false&#8221; border_radii=&#8221;off|6px|6px|6px|6px&#8221; global_colors_info=&#8221;{}&#8221;]<\/p>\n<p><span style=\"color: #ffffff;\">Me llamo Melita Cameron-Wood y trabajo como periodista, editora y locutora freelance. Mi trabajo ha aparecido en publicaciones como <em>The Guardian<\/em>, <em>Reader&#8217;s Digest UK<\/em>, <em>Little White Lies<\/em>, <em>INVERSE<\/em>, <em>Inside Hook, <\/em>etc. <\/span><\/p>\n<p><span style=\"color: #ffffff;\">Mi especialidad es la edici\u00f3n educativa en el sector del aprendizaje de idiomas y, en particular, la creaci\u00f3n y edici\u00f3n de guiones de audio. Entre mis clientes habituales en este \u00e1mbito se hallan ZEIT SPRACHEN, Newgen Publishing UK y Orso Publishing. He colaborado en proyectos para Pearson, Oxford University Press y ZigZag Education. Tambi\u00e9n ofrezco clases de ingl\u00e9s como lengua extranjera y servicios de traducci\u00f3n del alem\u00e1n al ingl\u00e9s.   <\/span><\/p>\n<p>[\/et_pb_text][\/et_pb_column][\/et_pb_row][\/et_pb_section][et_pb_section fb_built=&#8221;1&#8243; admin_label=&#8221;Quote Section&#8221; _builder_version=&#8221;4.26.0&#8243; background_color=&#8221;#1fe0ba&#8221; background_size=&#8221;contain&#8221; background_position=&#8221;top_center&#8221; custom_padding=&#8221;130px||130px|&#8221; top_divider_style=&#8221;slant&#8221; top_divider_color=&#8221;#E5E5E5&#8243; global_colors_info=&#8221;{}&#8221;][et_pb_row _builder_version=&#8221;4.27.4&#8243; hover_enabled=&#8221;0&#8243; global_colors_info=&#8221;{}&#8221; background_enable_color=&#8221;off&#8221; sticky_enabled=&#8221;0&#8243;][et_pb_column type=&#8221;4_4&#8243; _builder_version=&#8221;4.16&#8243; custom_padding=&#8221;|||&#8221; global_colors_info=&#8221;{}&#8221; custom_padding__hover=&#8221;|||&#8221;][et_pb_blurb use_icon=&#8221;on&#8221; font_icon=&#8221;&#x7b;||divi||400&#8243; icon_color=&#8221;#ffffff&#8221; content_max_width=&#8221;800px&#8221; _builder_version=&#8221;4.26.0&#8243; body_font=&#8221;|700|on||||||&#8221; body_font_size=&#8221;36px&#8221; body_line_height=&#8221;1.4em&#8221; text_orientation=&#8221;center&#8221; background_layout=&#8221;dark&#8221; global_colors_info=&#8221;{}&#8221;]<\/p>\n<p><span>Como editora, me encanta colaborar con escritores que me facilitan el trabajo de verdad<\/span><\/p>\n<p>[\/et_pb_blurb][et_pb_text admin_label=&#8221;Text&#8221; _builder_version=&#8221;4.26.0&#8243; text_font=&#8221;||||||||&#8221; header_font=&#8221;||||||||&#8221; header_4_font=&#8221;|700||on|||||&#8221; header_4_letter_spacing=&#8221;2px&#8221; text_orientation=&#8221;center&#8221; background_layout=&#8221;dark&#8221; custom_padding=&#8221;45px|||&#8221; animation_style=&#8221;fade&#8221; global_colors_info=&#8221;{}&#8221;]<\/p>\n<h4>&#8211; Lisa Goldapple, redactora jefe de <em>TOPIA Magazine<\/em><\/h4>\n<p>[\/et_pb_text][\/et_pb_column][\/et_pb_row][\/et_pb_section][et_pb_section fb_built=&#8221;1&#8243; admin_label=&#8221;Footer Section&#8221; _builder_version=&#8221;4.26.0&#8243; background_color=&#8221;#29c4a9&#8243; custom_padding=&#8221;100px||100px|&#8221; global_colors_info=&#8221;{}&#8221;][et_pb_row custom_padding_last_edited=&#8221;on|phone&#8221; _builder_version=&#8221;4.27.4&#8243; custom_margin=&#8221;-10%|||&#8221; custom_padding=&#8221;70px|3%|70px|3%&#8221; custom_padding_tablet=&#8221;&#8221; custom_padding_phone=&#8221;&#8221; hover_enabled=&#8221;0&#8243; border_radii=&#8221;on|10px|10px|10px|10px&#8221; box_shadow_style=&#8221;preset2&#8243; box_shadow_horizontal=&#8221;0px&#8221; box_shadow_vertical=&#8221;35px&#8221; box_shadow_blur=&#8221;65px&#8221; box_shadow_color=&#8221;rgba(188,163,146,0.1)&#8221; global_colors_info=&#8221;{}&#8221; background_enable_color=&#8221;off&#8221; sticky_enabled=&#8221;0&#8243;][et_pb_column type=&#8221;4_4&#8243; _builder_version=&#8221;4.16&#8243; custom_padding=&#8221;|||&#8221; global_colors_info=&#8221;{}&#8221; custom_padding__hover=&#8221;|||&#8221;][et_pb_blurb title=&#8221;Escr\u00edbeme&#8221; use_icon=&#8221;on&#8221; font_icon=&#8221;&#xe026;||divi||400&#8243; icon_color=&#8221;#ffffff&#8221; image_icon_background_color=&#8221;rgba(189,173,160,0)&#8221; image_icon_width=&#8221;32px&#8221; admin_label=&#8221;Contact Author&#8221; _builder_version=&#8221;4.26.0&#8243; header_font=&#8221;|700|||||||&#8221; header_text_color=&#8221;#ffffff&#8221; header_font_size=&#8221;24px&#8221; header_line_height=&#8221;1.2em&#8221; body_font=&#8221;||||||||&#8221; body_text_color=&#8221;#ffffff&#8221; body_font_size=&#8221;18px&#8221; image_icon_custom_padding=&#8221;25px|25px|25px|25px|false|false&#8221; text_orientation=&#8221;center&#8221; border_radii_image=&#8221;on|100%|100%|100%|100%&#8221; border_width_all_image=&#8221;3px&#8221; border_color_all_image=&#8221;#ffffff&#8221; icon_font_size=&#8221;32px&#8221; use_circle=&#8221;on&#8221; use_circle_border=&#8221;on&#8221; circle_border_color=&#8221;#ffffff&#8221; circle_color=&#8221;rgba(189,173,160,0)&#8221; locked=&#8221;off&#8221; global_colors_info=&#8221;{}&#8221; image_icon_background_color__sticky_enabled=&#8221;#7EBEC5&#8243; image_icon_background_color__sticky=&#8221;#7EBEC5&#8243;]<\/p>\n<p><span style=\"color: #ffffff;\"><a href=\"mailto:cameronwoodm@gmail.com\" style=\"color: #ffffff;\">cameronwoodm@gmail.com<\/a><\/span><\/p>\n<p>[\/et_pb_blurb][\/et_pb_column][\/et_pb_row][et_pb_row _builder_version=&#8221;4.27.4&#8243; custom_padding=&#8221;40px|0px|40px|0px&#8221; hover_enabled=&#8221;0&#8243; global_colors_info=&#8221;{}&#8221; background_enable_color=&#8221;off&#8221; sticky_enabled=&#8221;0&#8243;][et_pb_column type=&#8221;4_4&#8243; _builder_version=&#8221;4.16&#8243; custom_padding=&#8221;|||&#8221; global_colors_info=&#8221;{}&#8221; custom_padding__hover=&#8221;|||&#8221;][et_pb_social_media_follow _builder_version=&#8221;4.27.4&#8243; text_orientation=&#8221;center&#8221; animation_style=&#8221;slide&#8221; animation_direction=&#8221;top&#8221; animation_intensity_slide=&#8221;10%&#8221; hover_enabled=&#8221;0&#8243; global_colors_info=&#8221;{}&#8221; sticky_enabled=&#8221;0&#8243;][et_pb_social_media_follow_network social_network=&#8221;facebook&#8221; url=&#8221;https:\/\/www.facebook.com\/melitac2\/&#8221; _builder_version=&#8221;4.27.4&#8243; background_color=&#8221;#4f1f03&#8243; background_enable_color=&#8221;on&#8221; custom_margin=&#8221;4px|4px|4px|4px&#8221; custom_padding=&#8221;8px|8px|8px|8px&#8221; hover_enabled=&#8221;0&#8243; global_colors_info=&#8221;{}&#8221; follow_button=&#8221;off&#8221; url_new_window=&#8221;on&#8221; sticky_enabled=&#8221;0&#8243;]facebook[\/et_pb_social_media_follow_network][et_pb_social_media_follow_network social_network=&#8221;instagram&#8221; url=&#8221;https:\/\/www.instagram.com\/melitacam\/&#8221; _builder_version=&#8221;4.27.4&#8243; background_color=&#8221;#4f1f03&#8243; background_enable_color=&#8221;on&#8221; custom_margin=&#8221;4px|4px|4px|4px&#8221; custom_padding=&#8221;8px|8px|8px|8px&#8221; hover_enabled=&#8221;0&#8243; global_colors_info=&#8221;{}&#8221; follow_button=&#8221;off&#8221; url_new_window=&#8221;on&#8221; sticky_enabled=&#8221;0&#8243;]instagram[\/et_pb_social_media_follow_network][et_pb_social_media_follow_network social_network=&#8221;linkedin&#8221; _builder_version=&#8221;4.27.4&#8243; background_color=&#8221;#4f1f03&#8243; background_enable_color=&#8221;on&#8221; custom_margin=&#8221;4px|4px|4px|4px&#8221; custom_padding=&#8221;8px|8px|8px|8px&#8221; hover_enabled=&#8221;0&#8243; global_colors_info=&#8221;{}&#8221; follow_button=&#8221;off&#8221; url_new_window=&#8221;on&#8221; sticky_enabled=&#8221;0&#8243;]linkedin[\/et_pb_social_media_follow_network][\/et_pb_social_media_follow][\/et_pb_column][\/et_pb_row][\/et_pb_section]<\/p>\n","protected":false},"excerpt":{"rendered":"<p>\u00a1Hola!Me llamo Melita Cameron-Wood y trabajo como periodista, editora y locutora freelance. Mi trabajo ha aparecido en publicaciones como The Guardian, Reader&#8217;s Digest UK, Little White Lies, INVERSE, Inside Hook, etc. Mi especialidad es la edici\u00f3n educativa en el sector del aprendizaje de idiomas y, en particular, la creaci\u00f3n y edici\u00f3n de guiones de audio. [&hellip;]<\/p>\n","protected":false},"author":2,"featured_media":0,"parent":0,"menu_order":0,"comment_status":"closed","ping_status":"closed","template":"","meta":{"nf_dc_page":"","_et_pb_use_builder":"on","_et_pb_old_content":"","_et_gb_content_width":"","om_disable_all_campaigns":false,"_monsterinsights_skip_tracking":false,"_monsterinsights_sitenote_active":false,"_monsterinsights_sitenote_note":"","_monsterinsights_sitenote_category":0,"footnotes":""},"class_list":["post-1458","page","type-page","status-publish","hentry"],"yoast_head":"<!-- This site is optimized with the Yoast SEO plugin v27.4 - https:\/\/yoast.com\/product\/yoast-seo-wordpress\/ -->\n<title>Melita Cameron-Wood<\/title>\n<meta name=\"robots\" content=\"index, follow, max-snippet:-1, max-image-preview:large, max-video-preview:-1\" \/>\n<link rel=\"canonical\" href=\"https:\/\/melita-cameron-wood.com\/es\/\" \/>\n<meta property=\"og:locale\" content=\"es_ES\" \/>\n<meta property=\"og:type\" content=\"article\" \/>\n<meta property=\"og:title\" content=\"Melita Cameron-Wood\" \/>\n<meta property=\"og:description\" content=\"\u00a1Hola!Me llamo Melita Cameron-Wood y trabajo como periodista, editora y locutora freelance. Mi trabajo ha aparecido en publicaciones como The Guardian, Reader&#039;s Digest UK, Little White Lies, INVERSE, Inside Hook, etc. Mi especialidad es la edici\u00f3n educativa en el sector del aprendizaje de idiomas y, en particular, la creaci\u00f3n y edici\u00f3n de guiones de audio. [&hellip;]\" \/>\n<meta property=\"og:url\" content=\"https:\/\/melita-cameron-wood.com\/es\/\" \/>\n<meta property=\"og:site_name\" content=\"Melita Cameron-Wood\" \/>\n<meta property=\"article:modified_time\" content=\"2025-08-13T20:01:13+00:00\" \/>\n<meta name=\"twitter:card\" content=\"summary_large_image\" \/>\n<meta name=\"twitter:label1\" content=\"Tiempo de lectura\" \/>\n\t<meta name=\"twitter:data1\" content=\"5 minutos\" \/>\n<script type=\"application\/ld+json\" class=\"yoast-schema-graph\">{\"@context\":\"https:\\\/\\\/schema.org\",\"@graph\":[{\"@type\":\"WebPage\",\"@id\":\"https:\\\/\\\/melita-cameron-wood.com\\\/es\\\/\",\"url\":\"https:\\\/\\\/melita-cameron-wood.com\\\/es\\\/\",\"name\":\"Melita Cameron-Wood\",\"isPartOf\":{\"@id\":\"https:\\\/\\\/melita-cameron-wood.com\\\/es\\\/#website\"},\"datePublished\":\"2024-03-30T21:15:53+00:00\",\"dateModified\":\"2025-08-13T20:01:13+00:00\",\"breadcrumb\":{\"@id\":\"https:\\\/\\\/melita-cameron-wood.com\\\/es\\\/#breadcrumb\"},\"inLanguage\":\"es\",\"potentialAction\":[{\"@type\":\"ReadAction\",\"target\":[\"https:\\\/\\\/melita-cameron-wood.com\\\/es\\\/\"]}]},{\"@type\":\"BreadcrumbList\",\"@id\":\"https:\\\/\\\/melita-cameron-wood.com\\\/es\\\/#breadcrumb\",\"itemListElement\":[{\"@type\":\"ListItem\",\"position\":1,\"name\":\"Home\",\"item\":\"https:\\\/\\\/melita-cameron-wood.com\\\/es\\\/quien-soy\\\/\"},{\"@type\":\"ListItem\",\"position\":2,\"name\":\"Qui\u00e9n soy\"}]},{\"@type\":\"WebSite\",\"@id\":\"https:\\\/\\\/melita-cameron-wood.com\\\/es\\\/#website\",\"url\":\"https:\\\/\\\/melita-cameron-wood.com\\\/es\\\/\",\"name\":\"Melita Cameron-Wood\",\"description\":\"\",\"potentialAction\":[{\"@type\":\"SearchAction\",\"target\":{\"@type\":\"EntryPoint\",\"urlTemplate\":\"https:\\\/\\\/melita-cameron-wood.com\\\/es\\\/?s={search_term_string}\"},\"query-input\":{\"@type\":\"PropertyValueSpecification\",\"valueRequired\":true,\"valueName\":\"search_term_string\"}}],\"inLanguage\":\"es\"}]}<\/script>\n<!-- \/ Yoast SEO plugin. -->","yoast_head_json":{"title":"Melita Cameron-Wood","robots":{"index":"index","follow":"follow","max-snippet":"max-snippet:-1","max-image-preview":"max-image-preview:large","max-video-preview":"max-video-preview:-1"},"canonical":"https:\/\/melita-cameron-wood.com\/es\/","og_locale":"es_ES","og_type":"article","og_title":"Melita Cameron-Wood","og_description":"\u00a1Hola!Me llamo Melita Cameron-Wood y trabajo como periodista, editora y locutora freelance. Mi trabajo ha aparecido en publicaciones como The Guardian, Reader's Digest UK, Little White Lies, INVERSE, Inside Hook, etc. Mi especialidad es la edici\u00f3n educativa en el sector del aprendizaje de idiomas y, en particular, la creaci\u00f3n y edici\u00f3n de guiones de audio. [&hellip;]","og_url":"https:\/\/melita-cameron-wood.com\/es\/","og_site_name":"Melita Cameron-Wood","article_modified_time":"2025-08-13T20:01:13+00:00","twitter_card":"summary_large_image","twitter_misc":{"Tiempo de lectura":"5 minutos"},"schema":{"@context":"https:\/\/schema.org","@graph":[{"@type":"WebPage","@id":"https:\/\/melita-cameron-wood.com\/es\/","url":"https:\/\/melita-cameron-wood.com\/es\/","name":"Melita Cameron-Wood","isPartOf":{"@id":"https:\/\/melita-cameron-wood.com\/es\/#website"},"datePublished":"2024-03-30T21:15:53+00:00","dateModified":"2025-08-13T20:01:13+00:00","breadcrumb":{"@id":"https:\/\/melita-cameron-wood.com\/es\/#breadcrumb"},"inLanguage":"es","potentialAction":[{"@type":"ReadAction","target":["https:\/\/melita-cameron-wood.com\/es\/"]}]},{"@type":"BreadcrumbList","@id":"https:\/\/melita-cameron-wood.com\/es\/#breadcrumb","itemListElement":[{"@type":"ListItem","position":1,"name":"Home","item":"https:\/\/melita-cameron-wood.com\/es\/quien-soy\/"},{"@type":"ListItem","position":2,"name":"Qui\u00e9n soy"}]},{"@type":"WebSite","@id":"https:\/\/melita-cameron-wood.com\/es\/#website","url":"https:\/\/melita-cameron-wood.com\/es\/","name":"Melita Cameron-Wood","description":"","potentialAction":[{"@type":"SearchAction","target":{"@type":"EntryPoint","urlTemplate":"https:\/\/melita-cameron-wood.com\/es\/?s={search_term_string}"},"query-input":{"@type":"PropertyValueSpecification","valueRequired":true,"valueName":"search_term_string"}}],"inLanguage":"es"}]}},"jetpack_sharing_enabled":true,"_links":{"self":[{"href":"https:\/\/melita-cameron-wood.com\/es\/wp-json\/wp\/v2\/pages\/1458","targetHints":{"allow":["GET"]}}],"collection":[{"href":"https:\/\/melita-cameron-wood.com\/es\/wp-json\/wp\/v2\/pages"}],"about":[{"href":"https:\/\/melita-cameron-wood.com\/es\/wp-json\/wp\/v2\/types\/page"}],"author":[{"embeddable":true,"href":"https:\/\/melita-cameron-wood.com\/es\/wp-json\/wp\/v2\/users\/2"}],"replies":[{"embeddable":true,"href":"https:\/\/melita-cameron-wood.com\/es\/wp-json\/wp\/v2\/comments?post=1458"}],"version-history":[{"count":18,"href":"https:\/\/melita-cameron-wood.com\/es\/wp-json\/wp\/v2\/pages\/1458\/revisions"}],"predecessor-version":[{"id":1545,"href":"https:\/\/melita-cameron-wood.com\/es\/wp-json\/wp\/v2\/pages\/1458\/revisions\/1545"}],"wp:attachment":[{"href":"https:\/\/melita-cameron-wood.com\/es\/wp-json\/wp\/v2\/media?parent=1458"}],"curies":[{"name":"wp","href":"https:\/\/api.w.org\/{rel}","templated":true}]}}