{"id":1488,"date":"2024-03-30T21:16:57","date_gmt":"2024-03-30T21:16:57","guid":{"rendered":"https:\/\/melita-cameron-wood.com\/eventos\/"},"modified":"2025-07-31T15:49:25","modified_gmt":"2025-07-31T15:49:25","slug":"eventos","status":"publish","type":"page","link":"https:\/\/melita-cameron-wood.com\/es\/eventos\/","title":{"rendered":"Eventos"},"content":{"rendered":"<p>[et_pb_section fb_built=&#8221;1&#8243; admin_label=&#8221;Page Title Section&#8221; _builder_version=&#8221;4.25.0&#8243; background_color_gradient_direction=&#8221;115deg&#8221; background_image=&#8221;https:\/\/melita-cameron-wood.com\/wp-content\/uploads\/2024\/03\/author_20.jpg&#8221; custom_padding=&#8221;150px||0|&#8221; global_colors_info=&#8221;{}&#8221;][et_pb_row _builder_version=&#8221;4.26.0&#8243; background_color=&#8221;#bc875e&#8221; background_size=&#8221;initial&#8221; background_position=&#8221;top_left&#8221; background_repeat=&#8221;repeat&#8221; max_width=&#8221;960px&#8221; custom_margin=&#8221;|||0px&#8221; custom_padding=&#8221;27px|40px||10%&#8221; animation_style=&#8221;slide&#8221; animation_direction=&#8221;left&#8221; animation_intensity_slide=&#8221;2%&#8221; border_radii=&#8221;||6px|6px|&#8221; border_width_right=&#8221;30px&#8221; border_color_right=&#8221;#bdada0&#8243; box_shadow_style=&#8221;preset3&#8243; box_shadow_vertical=&#8221;35px&#8221; box_shadow_blur=&#8221;70px&#8221; box_shadow_spread=&#8221;-35px&#8221; box_shadow_color=&#8221;rgba(0,0,0,0.6)&#8221; use_custom_width=&#8221;on&#8221; custom_width_px=&#8221;960px&#8221; global_colors_info=&#8221;{}&#8221;][et_pb_column type=&#8221;4_4&#8243; _builder_version=&#8221;4.16&#8243; custom_padding=&#8221;|||&#8221; custom_padding_tablet=&#8221;|||10%&#8221; custom_padding_last_edited=&#8221;off|desktop&#8221; global_colors_info=&#8221;{}&#8221; padding_tablet=&#8221;|||10%&#8221; padding_last_edited=&#8221;off|desktop&#8221; custom_padding__hover=&#8221;|||&#8221;][et_pb_text admin_label=&#8221;Title&#8221; _builder_version=&#8221;4.26.0&#8243; text_font=&#8221;||||||||&#8221; header_font=&#8221;|700|||||||&#8221; header_font_size=&#8221;70px&#8221; header_line_height=&#8221;1.2em&#8221; header_4_font=&#8221;||||||||&#8221; background_layout=&#8221;dark&#8221; custom_margin=&#8221;|||&#8221; custom_padding=&#8221;|||&#8221; header_font_size_tablet=&#8221;40px&#8221; header_font_size_phone=&#8221;&#8221; header_font_size_last_edited=&#8221;on|tablet&#8221; global_colors_info=&#8221;{}&#8221;]<\/p>\n<h1>Eventos<\/h1>\n<p>[\/et_pb_text][\/et_pb_column][\/et_pb_row][\/et_pb_section][et_pb_section fb_built=&#8221;1&#8243; admin_label=&#8221;Events Section&#8221; _builder_version=&#8221;4.26.0&#8243; background_color=&#8221;#1fe0ba&#8221; background_enable_image=&#8221;off&#8221; custom_padding=&#8221;70px||70px|&#8221; global_colors_info=&#8221;{}&#8221;][et_pb_row column_structure=&#8221;1_3,1_3,1_3&#8243; _builder_version=&#8221;4.27.0&#8243; custom_padding=&#8221;90px||90px|&#8221; hover_enabled=&#8221;0&#8243; border_width_bottom=&#8221;1px&#8221; border_color_bottom=&#8221;rgba(0,0,0,0.12)&#8221; global_colors_info=&#8221;{}&#8221; sticky_enabled=&#8221;0&#8243;][et_pb_column type=&#8221;1_3&#8243; _builder_version=&#8221;4.16&#8243; custom_padding=&#8221;|||&#8221; global_colors_info=&#8221;{}&#8221; custom_padding__hover=&#8221;|||&#8221;][et_pb_text _builder_version=&#8221;4.27.0&#8243; text_font=&#8221;||||||||&#8221; text_text_color=&#8221;#333333&#8243; text_font_size=&#8221;16px&#8221; text_line_height=&#8221;1.8em&#8221; header_font=&#8221;||||||||&#8221; header_4_font=&#8221;|700||on|||||&#8221; header_4_text_color=&#8221;#bc875e&#8221; header_4_letter_spacing=&#8221;2px&#8221; header_4_line_height=&#8221;1.4em&#8221; animation_style=&#8221;slide&#8221; animation_direction=&#8221;left&#8221; animation_intensity_slide=&#8221;5%&#8221; animation_starting_opacity=&#8221;100%&#8221; hover_enabled=&#8221;0&#8243; global_colors_info=&#8221;{}&#8221; sticky_enabled=&#8221;0&#8243;]<\/p>\n<h4>25.09.2024<\/h4>\n<p>A distancia, 14:00 y 23:50 BST<\/p>\n<p>[\/et_pb_text][\/et_pb_column][et_pb_column type=&#8221;1_3&#8243; _builder_version=&#8221;4.16&#8243; custom_padding=&#8221;|||&#8221; global_colors_info=&#8221;{}&#8221; custom_padding__hover=&#8221;|||&#8221;][et_pb_text _builder_version=&#8221;4.26.0&#8243; text_font=&#8221;||||||||&#8221; text_text_color=&#8221;#333333&#8243; text_font_size=&#8221;16px&#8221; text_line_height=&#8221;1.8em&#8221; header_font=&#8221;||||||||&#8221; header_3_font=&#8221;|700|||||||&#8221; header_3_font_size=&#8221;24px&#8221; header_3_line_height=&#8221;1.4em&#8221; custom_margin=&#8221;||0px|&#8221; animation_style=&#8221;slide&#8221; animation_direction=&#8221;left&#8221; animation_intensity_slide=&#8221;5%&#8221; animation_starting_opacity=&#8221;100%&#8221; global_colors_info=&#8221;{}&#8221;]<\/p>\n<h3 class=\"event_heading_h1\">Macmillan Education Advancing Learning New Voices: <span>\u201c<\/span><span class=\"m_-1501098470429877076normaltextrun\"><b><span lang=\"EN-US\">\u00bfQu\u00e9 motiva realmente a tus alumnos?<\/span><\/b><\/span><span>\u201d<\/span><\/h3>\n<p><i><span lang=\"EN-US\">Hay estudiantes que necesitan mejorar su nivel de ingl\u00e9s urgentemente para conseguir empleo. A otros, pueden que sus padres los obliguen a ir a clase. No siempre es f\u00e1cil abordar en las clases en grupo la motivaci\u00f3n de cada persona para aprender un idioma. A lo largo de esta charla, ofrecer\u00e9 4 estrategias distintas que puede utilizar un profesor para integrar en sus clases el motivo para aprender ingl\u00e9s de sus alumnos.   <\/span><\/i><\/p>\n<p>[\/et_pb_text][\/et_pb_column][et_pb_column type=&#8221;1_3&#8243; _builder_version=&#8221;4.16&#8243; custom_padding=&#8221;|||&#8221; global_colors_info=&#8221;{}&#8221; custom_padding__hover=&#8221;|||&#8221;][et_pb_button button_url=&#8221;https:\/\/www.macmillanenglish.com\/es\/training-events\/events-webinars\/event\/advancing-learning-new-voices-2025&#8243; button_text=&#8221;Registrarme&#8221; _builder_version=&#8221;4.27.0&#8243; custom_button=&#8221;on&#8221; button_text_size=&#8221;14px&#8221; button_text_color=&#8221;#ffffff&#8221; button_bg_color=&#8221;#bc875e&#8221; button_border_width=&#8221;8px&#8221; button_border_color=&#8221;#bc875e&#8221; button_letter_spacing=&#8221;2px&#8221; button_font=&#8221;|700||on|||||&#8221; button_use_icon=&#8221;off&#8221; custom_margin=&#8221;|||&#8221; custom_margin_tablet=&#8221;|||&#8221; custom_margin_phone=&#8221;&#8221; custom_margin_last_edited=&#8221;on|tablet&#8221; animation_style=&#8221;slide&#8221; animation_direction=&#8221;left&#8221; animation_intensity_slide=&#8221;5%&#8221; animation_starting_opacity=&#8221;100%&#8221; hover_enabled=&#8221;0&#8243; box_shadow_style=&#8221;preset2&#8243; box_shadow_horizontal=&#8221;0px&#8221; box_shadow_vertical=&#8221;25px&#8221; box_shadow_blur=&#8221;45px&#8221; box_shadow_color=&#8221;rgba(148,166,191,0.25)&#8221; locked=&#8221;off&#8221; global_colors_info=&#8221;{}&#8221; button_text_size__hover_enabled=&#8221;off&#8221; button_one_text_size__hover_enabled=&#8221;off&#8221; button_two_text_size__hover_enabled=&#8221;off&#8221; button_text_color__hover_enabled=&#8221;off&#8221; button_one_text_color__hover_enabled=&#8221;off&#8221; button_two_text_color__hover_enabled=&#8221;off&#8221; button_border_width__hover_enabled=&#8221;off&#8221; button_one_border_width__hover_enabled=&#8221;off&#8221; button_two_border_width__hover_enabled=&#8221;off&#8221; button_border_color__hover_enabled=&#8221;off&#8221; button_one_border_color__hover_enabled=&#8221;off&#8221; button_two_border_color__hover_enabled=&#8221;off&#8221; button_border_radius__hover_enabled=&#8221;off&#8221; button_one_border_radius__hover_enabled=&#8221;off&#8221; button_two_border_radius__hover_enabled=&#8221;off&#8221; button_letter_spacing__hover_enabled=&#8221;off&#8221; button_one_letter_spacing__hover_enabled=&#8221;off&#8221; button_two_letter_spacing__hover_enabled=&#8221;off&#8221; button_bg_color__hover_enabled=&#8221;off&#8221; button_one_bg_color__hover_enabled=&#8221;off&#8221; button_two_bg_color__hover_enabled=&#8221;off&#8221; sticky_enabled=&#8221;0&#8243;][\/et_pb_button][\/et_pb_column][\/et_pb_row][\/et_pb_section][et_pb_section fb_built=&#8221;1&#8243; admin_label=&#8221;Footer Section&#8221; _builder_version=&#8221;4.26.0&#8243; background_color=&#8221;#29c4a9&#8243; custom_padding=&#8221;100px||100px|&#8221; locked=&#8221;off&#8221; global_colors_info=&#8221;{}&#8221;][et_pb_row custom_padding_last_edited=&#8221;on|phone&#8221; _builder_version=&#8221;4.26.0&#8243; background_color=&#8221;#bc875e&#8221; custom_margin=&#8221;-10%|||&#8221; custom_padding=&#8221;70px|3%|70px|3%&#8221; custom_padding_tablet=&#8221;&#8221; custom_padding_phone=&#8221;&#8221; border_radii=&#8221;on|10px|10px|10px|10px&#8221; box_shadow_style=&#8221;preset2&#8243; box_shadow_horizontal=&#8221;0px&#8221; box_shadow_vertical=&#8221;35px&#8221; box_shadow_blur=&#8221;65px&#8221; box_shadow_color=&#8221;rgba(188,163,146,0.1)&#8221; global_colors_info=&#8221;{}&#8221;][et_pb_column type=&#8221;4_4&#8243; _builder_version=&#8221;4.16&#8243; custom_padding=&#8221;|||&#8221; global_colors_info=&#8221;{}&#8221; custom_padding__hover=&#8221;|||&#8221;][et_pb_blurb title=&#8221;Escr\u00edbeme&#8221; use_icon=&#8221;on&#8221; font_icon=&#8221;&#xe026;||divi||400&#8243; icon_color=&#8221;#ffffff&#8221; image_icon_background_color=&#8221;rgba(189,173,160,0)&#8221; image_icon_width=&#8221;32px&#8221; admin_label=&#8221;Contact Author&#8221; _builder_version=&#8221;4.26.0&#8243; header_font=&#8221;|700|||||||&#8221; header_text_color=&#8221;#ffffff&#8221; header_font_size=&#8221;24px&#8221; header_line_height=&#8221;1.2em&#8221; body_font=&#8221;||||||||&#8221; body_text_color=&#8221;#ffffff&#8221; body_font_size=&#8221;18px&#8221; image_icon_custom_padding=&#8221;25px|25px|25px|25px|false|false&#8221; text_orientation=&#8221;center&#8221; border_radii_image=&#8221;on|100%|100%|100%|100%&#8221; border_width_all_image=&#8221;3px&#8221; border_color_all_image=&#8221;#ffffff&#8221; icon_font_size=&#8221;32px&#8221; use_circle=&#8221;on&#8221; use_circle_border=&#8221;on&#8221; circle_border_color=&#8221;#ffffff&#8221; circle_color=&#8221;rgba(189,173,160,0)&#8221; locked=&#8221;off&#8221; global_colors_info=&#8221;{}&#8221; image_icon_background_color__sticky_enabled=&#8221;#7EBEC5&#8243; image_icon_background_color__sticky=&#8221;#7EBEC5&#8243;]<\/p>\n<p><span style=\"color: #ffffff;\"><a href=\"mailto:cameronwoodm@gmail.com\" style=\"color: #ffffff;\">cameronwoodm@gmail.com<\/a><\/span><\/p>\n<p>[\/et_pb_blurb][\/et_pb_column][\/et_pb_row][et_pb_row _builder_version=&#8221;4.16&#8243; custom_padding=&#8221;40px|0px|40px|0px&#8221; global_colors_info=&#8221;{}&#8221;][et_pb_column type=&#8221;4_4&#8243; _builder_version=&#8221;4.16&#8243; custom_padding=&#8221;|||&#8221; global_colors_info=&#8221;{}&#8221; custom_padding__hover=&#8221;|||&#8221;][et_pb_social_media_follow _builder_version=&#8221;4.26.0&#8243; text_orientation=&#8221;center&#8221; animation_style=&#8221;slide&#8221; animation_direction=&#8221;top&#8221; animation_intensity_slide=&#8221;10%&#8221; global_colors_info=&#8221;{}&#8221;][et_pb_social_media_follow_network social_network=&#8221;facebook&#8221; url=&#8221;https:\/\/www.facebook.com\/melitac2\/&#8221; _builder_version=&#8221;4.26.0&#8243; background_color=&#8221;#bc875e&#8221; background_enable_color=&#8221;on&#8221; custom_margin=&#8221;4px|4px|4px|4px&#8221; custom_padding=&#8221;8px|8px|8px|8px&#8221; global_colors_info=&#8221;{}&#8221; follow_button=&#8221;off&#8221; url_new_window=&#8221;on&#8221;]facebook[\/et_pb_social_media_follow_network][et_pb_social_media_follow_network social_network=&#8221;instagram&#8221; url=&#8221;https:\/\/www.instagram.com\/melitacam\/&#8221; _builder_version=&#8221;4.26.0&#8243; background_color=&#8221;#bc875e&#8221; background_enable_color=&#8221;on&#8221; custom_margin=&#8221;4px|4px|4px|4px&#8221; custom_padding=&#8221;8px|8px|8px|8px&#8221; global_colors_info=&#8221;{}&#8221; follow_button=&#8221;off&#8221; url_new_window=&#8221;on&#8221;]instagram[\/et_pb_social_media_follow_network][et_pb_social_media_follow_network social_network=&#8221;linkedin&#8221; _builder_version=&#8221;4.26.0&#8243; background_color=&#8221;#bc875e&#8221; background_enable_color=&#8221;on&#8221; custom_margin=&#8221;4px|4px|4px|4px&#8221; custom_padding=&#8221;8px|8px|8px|8px&#8221; global_colors_info=&#8221;{}&#8221; follow_button=&#8221;off&#8221; url_new_window=&#8221;on&#8221;]linkedin[\/et_pb_social_media_follow_network][\/et_pb_social_media_follow][\/et_pb_column][\/et_pb_row][\/et_pb_section]<\/p>\n","protected":false},"excerpt":{"rendered":"<p>Eventos25.09.2024 A distancia, 14:00 y 23:50 BSTMacmillan Education Advancing Learning New Voices: \u201c\u00bfQu\u00e9 motiva realmente a tus alumnos?\u201d Hay estudiantes que necesitan mejorar su nivel de ingl\u00e9s urgentemente para conseguir empleo. A otros, pueden que sus padres los obliguen a ir a clase. No siempre es f\u00e1cil abordar en las clases en grupo la motivaci\u00f3n [&hellip;]<\/p>\n","protected":false},"author":2,"featured_media":0,"parent":0,"menu_order":0,"comment_status":"closed","ping_status":"closed","template":"","meta":{"nf_dc_page":"","_et_pb_use_builder":"on","_et_pb_old_content":"","_et_gb_content_width":"","om_disable_all_campaigns":false,"_monsterinsights_skip_tracking":false,"_monsterinsights_sitenote_active":false,"_monsterinsights_sitenote_note":"","_monsterinsights_sitenote_category":0,"footnotes":""},"class_list":["post-1488","page","type-page","status-publish","hentry"],"yoast_head":"<!-- This site is optimized with the Yoast SEO plugin v27.4 - https:\/\/yoast.com\/product\/yoast-seo-wordpress\/ -->\n<title>Eventos - Melita Cameron-Wood<\/title>\n<meta name=\"robots\" content=\"index, follow, max-snippet:-1, max-image-preview:large, max-video-preview:-1\" \/>\n<link rel=\"canonical\" href=\"https:\/\/melita-cameron-wood.com\/es\/eventos\/\" \/>\n<meta property=\"og:locale\" content=\"es_ES\" \/>\n<meta property=\"og:type\" content=\"article\" \/>\n<meta property=\"og:title\" content=\"Eventos - Melita Cameron-Wood\" \/>\n<meta property=\"og:description\" content=\"Eventos25.09.2024 A distancia, 14:00 y 23:50 BSTMacmillan Education Advancing Learning New Voices: \u201c\u00bfQu\u00e9 motiva realmente a tus alumnos?\u201d Hay estudiantes que necesitan mejorar su nivel de ingl\u00e9s urgentemente para conseguir empleo. A otros, pueden que sus padres los obliguen a ir a clase. No siempre es f\u00e1cil abordar en las clases en grupo la motivaci\u00f3n [&hellip;]\" \/>\n<meta property=\"og:url\" content=\"https:\/\/melita-cameron-wood.com\/es\/eventos\/\" \/>\n<meta property=\"og:site_name\" content=\"Melita Cameron-Wood\" \/>\n<meta property=\"article:modified_time\" content=\"2025-07-31T15:49:25+00:00\" \/>\n<meta name=\"twitter:card\" content=\"summary_large_image\" \/>\n<meta name=\"twitter:label1\" content=\"Tiempo de lectura\" \/>\n\t<meta name=\"twitter:data1\" content=\"6 minutos\" \/>\n<script type=\"application\/ld+json\" class=\"yoast-schema-graph\">{\"@context\":\"https:\\\/\\\/schema.org\",\"@graph\":[{\"@type\":\"WebPage\",\"@id\":\"https:\\\/\\\/melita-cameron-wood.com\\\/es\\\/eventos\\\/\",\"url\":\"https:\\\/\\\/melita-cameron-wood.com\\\/es\\\/eventos\\\/\",\"name\":\"Eventos - Melita Cameron-Wood\",\"isPartOf\":{\"@id\":\"https:\\\/\\\/melita-cameron-wood.com\\\/es\\\/#website\"},\"datePublished\":\"2024-03-30T21:16:57+00:00\",\"dateModified\":\"2025-07-31T15:49:25+00:00\",\"breadcrumb\":{\"@id\":\"https:\\\/\\\/melita-cameron-wood.com\\\/es\\\/eventos\\\/#breadcrumb\"},\"inLanguage\":\"es\",\"potentialAction\":[{\"@type\":\"ReadAction\",\"target\":[\"https:\\\/\\\/melita-cameron-wood.com\\\/es\\\/eventos\\\/\"]}]},{\"@type\":\"BreadcrumbList\",\"@id\":\"https:\\\/\\\/melita-cameron-wood.com\\\/es\\\/eventos\\\/#breadcrumb\",\"itemListElement\":[{\"@type\":\"ListItem\",\"position\":1,\"name\":\"Home\",\"item\":\"https:\\\/\\\/melita-cameron-wood.com\\\/es\\\/quien-soy\\\/\"},{\"@type\":\"ListItem\",\"position\":2,\"name\":\"Eventos\"}]},{\"@type\":\"WebSite\",\"@id\":\"https:\\\/\\\/melita-cameron-wood.com\\\/es\\\/#website\",\"url\":\"https:\\\/\\\/melita-cameron-wood.com\\\/es\\\/\",\"name\":\"Melita Cameron-Wood\",\"description\":\"\",\"potentialAction\":[{\"@type\":\"SearchAction\",\"target\":{\"@type\":\"EntryPoint\",\"urlTemplate\":\"https:\\\/\\\/melita-cameron-wood.com\\\/es\\\/?s={search_term_string}\"},\"query-input\":{\"@type\":\"PropertyValueSpecification\",\"valueRequired\":true,\"valueName\":\"search_term_string\"}}],\"inLanguage\":\"es\"}]}<\/script>\n<!-- \/ Yoast SEO plugin. -->","yoast_head_json":{"title":"Eventos - Melita Cameron-Wood","robots":{"index":"index","follow":"follow","max-snippet":"max-snippet:-1","max-image-preview":"max-image-preview:large","max-video-preview":"max-video-preview:-1"},"canonical":"https:\/\/melita-cameron-wood.com\/es\/eventos\/","og_locale":"es_ES","og_type":"article","og_title":"Eventos - Melita Cameron-Wood","og_description":"Eventos25.09.2024 A distancia, 14:00 y 23:50 BSTMacmillan Education Advancing Learning New Voices: \u201c\u00bfQu\u00e9 motiva realmente a tus alumnos?\u201d Hay estudiantes que necesitan mejorar su nivel de ingl\u00e9s urgentemente para conseguir empleo. A otros, pueden que sus padres los obliguen a ir a clase. No siempre es f\u00e1cil abordar en las clases en grupo la motivaci\u00f3n [&hellip;]","og_url":"https:\/\/melita-cameron-wood.com\/es\/eventos\/","og_site_name":"Melita Cameron-Wood","article_modified_time":"2025-07-31T15:49:25+00:00","twitter_card":"summary_large_image","twitter_misc":{"Tiempo de lectura":"6 minutos"},"schema":{"@context":"https:\/\/schema.org","@graph":[{"@type":"WebPage","@id":"https:\/\/melita-cameron-wood.com\/es\/eventos\/","url":"https:\/\/melita-cameron-wood.com\/es\/eventos\/","name":"Eventos - Melita Cameron-Wood","isPartOf":{"@id":"https:\/\/melita-cameron-wood.com\/es\/#website"},"datePublished":"2024-03-30T21:16:57+00:00","dateModified":"2025-07-31T15:49:25+00:00","breadcrumb":{"@id":"https:\/\/melita-cameron-wood.com\/es\/eventos\/#breadcrumb"},"inLanguage":"es","potentialAction":[{"@type":"ReadAction","target":["https:\/\/melita-cameron-wood.com\/es\/eventos\/"]}]},{"@type":"BreadcrumbList","@id":"https:\/\/melita-cameron-wood.com\/es\/eventos\/#breadcrumb","itemListElement":[{"@type":"ListItem","position":1,"name":"Home","item":"https:\/\/melita-cameron-wood.com\/es\/quien-soy\/"},{"@type":"ListItem","position":2,"name":"Eventos"}]},{"@type":"WebSite","@id":"https:\/\/melita-cameron-wood.com\/es\/#website","url":"https:\/\/melita-cameron-wood.com\/es\/","name":"Melita Cameron-Wood","description":"","potentialAction":[{"@type":"SearchAction","target":{"@type":"EntryPoint","urlTemplate":"https:\/\/melita-cameron-wood.com\/es\/?s={search_term_string}"},"query-input":{"@type":"PropertyValueSpecification","valueRequired":true,"valueName":"search_term_string"}}],"inLanguage":"es"}]}},"jetpack_sharing_enabled":true,"_links":{"self":[{"href":"https:\/\/melita-cameron-wood.com\/es\/wp-json\/wp\/v2\/pages\/1488","targetHints":{"allow":["GET"]}}],"collection":[{"href":"https:\/\/melita-cameron-wood.com\/es\/wp-json\/wp\/v2\/pages"}],"about":[{"href":"https:\/\/melita-cameron-wood.com\/es\/wp-json\/wp\/v2\/types\/page"}],"author":[{"embeddable":true,"href":"https:\/\/melita-cameron-wood.com\/es\/wp-json\/wp\/v2\/users\/2"}],"replies":[{"embeddable":true,"href":"https:\/\/melita-cameron-wood.com\/es\/wp-json\/wp\/v2\/comments?post=1488"}],"version-history":[{"count":2,"href":"https:\/\/melita-cameron-wood.com\/es\/wp-json\/wp\/v2\/pages\/1488\/revisions"}],"predecessor-version":[{"id":1491,"href":"https:\/\/melita-cameron-wood.com\/es\/wp-json\/wp\/v2\/pages\/1488\/revisions\/1491"}],"wp:attachment":[{"href":"https:\/\/melita-cameron-wood.com\/es\/wp-json\/wp\/v2\/media?parent=1488"}],"curies":[{"name":"wp","href":"https:\/\/api.w.org\/{rel}","templated":true}]}}