{"id":1499,"date":"2024-03-30T21:16:31","date_gmt":"2024-03-30T21:16:31","guid":{"rendered":"https:\/\/melita-cameron-wood.com\/servicios-linguisticos\/"},"modified":"2025-07-31T16:10:53","modified_gmt":"2025-07-31T16:10:53","slug":"servicios-linguisticos","status":"publish","type":"page","link":"https:\/\/melita-cameron-wood.com\/es\/servicios-linguisticos\/","title":{"rendered":"Servicios ling\u00fc\u00edsticos"},"content":{"rendered":"<p>[et_pb_section fb_built=&#8221;1&#8243; admin_label=&#8221;Page Title Section&#8221; _builder_version=&#8221;4.16&#8243; background_color_gradient_direction=&#8221;115deg&#8221; background_image=&#8221;https:\/\/melita-cameron-wood.com\/wp-content\/uploads\/2024\/03\/author_20.jpg&#8221; custom_padding=&#8221;150px||0px|&#8221; global_colors_info=&#8221;{}&#8221;][et_pb_row _builder_version=&#8221;4.26.0&#8243; background_color=&#8221;#bc875e&#8221; background_size=&#8221;initial&#8221; background_position=&#8221;top_left&#8221; background_repeat=&#8221;repeat&#8221; max_width=&#8221;960px&#8221; custom_margin=&#8221;|||0px&#8221; custom_padding=&#8221;27px|40px||10%&#8221; animation_style=&#8221;slide&#8221; animation_direction=&#8221;left&#8221; animation_intensity_slide=&#8221;2%&#8221; border_radii=&#8221;||6px|6px|&#8221; border_width_right=&#8221;30px&#8221; border_color_right=&#8221;#bdada0&#8243; use_custom_width=&#8221;on&#8221; custom_width_px=&#8221;960px&#8221; locked=&#8221;off&#8221; global_colors_info=&#8221;{}&#8221;][et_pb_column type=&#8221;4_4&#8243; _builder_version=&#8221;4.16&#8243; custom_padding=&#8221;|||&#8221; custom_padding_tablet=&#8221;|||10%&#8221; custom_padding_last_edited=&#8221;off|desktop&#8221; global_colors_info=&#8221;{}&#8221; padding_tablet=&#8221;|||10%&#8221; padding_last_edited=&#8221;off|desktop&#8221; custom_padding__hover=&#8221;|||&#8221;][et_pb_text admin_label=&#8221;Title&#8221; _builder_version=&#8221;4.26.0&#8243; text_font=&#8221;||||||||&#8221; header_font=&#8221;|700|||||||&#8221; header_font_size=&#8221;70px&#8221; header_line_height=&#8221;1.2em&#8221; header_4_font=&#8221;||||||||&#8221; background_layout=&#8221;dark&#8221; custom_margin=&#8221;|||&#8221; custom_padding=&#8221;|||&#8221; header_font_size_tablet=&#8221;40px&#8221; header_font_size_phone=&#8221;&#8221; header_font_size_last_edited=&#8221;on|tablet&#8221; global_colors_info=&#8221;{}&#8221;]<\/p>\n<h1>Servicios ling\u00fc\u00edsticos<\/h1>\n<p>[\/et_pb_text][\/et_pb_column][\/et_pb_row][\/et_pb_section][et_pb_section fb_built=&#8221;1&#8243; admin_label=&#8221;Page Title Section&#8221; _builder_version=&#8221;4.26.0&#8243; background_color=&#8221;#1fe0ba&#8221; background_enable_image=&#8221;off&#8221; custom_padding=&#8221;150px||150px|&#8221; locked=&#8221;off&#8221; global_colors_info=&#8221;{}&#8221;][et_pb_row _builder_version=&#8221;4.26.0&#8243; background_color=&#8221;#E5E5E5&#8243; min_height=&#8221;465.5px&#8221; custom_padding=&#8221;|10px||10px|false|true&#8221; hover_enabled=&#8221;0&#8243; global_colors_info=&#8221;{}&#8221; border_width_all=&#8221;1px&#8221; border_color_all=&#8221;#bc875e&#8221; sticky_enabled=&#8221;0&#8243;][et_pb_column type=&#8221;4_4&#8243; _builder_version=&#8221;4.16&#8243; background_color=&#8221;#f4f4f4&#8243; custom_padding=&#8221;|||&#8221; custom_padding_tablet=&#8221;40px|40px|40px|40px&#8221; custom_padding_phone=&#8221;40px|40px|40px|40px&#8221; custom_padding_last_edited=&#8221;on|tablet&#8221; global_colors_info=&#8221;{}&#8221; padding_tablet=&#8221;40px|40px|40px|40px&#8221; padding_last_edited=&#8221;on|tablet&#8221; custom_padding__hover=&#8221;|||&#8221; padding_phone=&#8221;40px|40px|40px|40px&#8221;][et_pb_accordion _builder_version=&#8221;4.26.0&#8243; _module_preset=&#8221;default&#8221; global_colors_info=&#8221;{}&#8221;][et_pb_accordion_item title=&#8221;Clases de ingl\u00e9s&#8221; open=&#8221;on&#8221; _builder_version=&#8221;4.25.2&#8243; _module_preset=&#8221;default&#8221; global_colors_info=&#8221;{}&#8221;]<\/p>\n<p>Soy una profesora de ingl\u00e9s brit\u00e1nica con la certificaci\u00f3n CELTA. Doy clases individuales y en grupo para mejorar la confianza de las personas al comunicarse en ingl\u00e9s.<br \/>Consulta las opciones que aparecen a continuaci\u00f3n: <\/p>\n<ul>\n<li>Clases de ingl\u00e9s comercial para empresas\/particulares<\/li>\n<li>Clases de ingl\u00e9s general en grupo\/individuales<\/li>\n<li>Cursos intensivos de gram\u00e1tica<\/li>\n<li>Clases de conversaci\u00f3n<\/li>\n<li>Ingl\u00e9s para solicitudes de empleo y entrevistas<\/li>\n<li>Preparaci\u00f3n de ex\u00e1menes<\/li>\n<\/ul>\n<p>[\/et_pb_accordion_item][et_pb_accordion_item title=&#8221;Traducciones alem\u00e1n-ingl\u00e9s&#8221; _builder_version=&#8221;4.25.2&#8243; _module_preset=&#8221;default&#8221; global_colors_info=&#8221;{}&#8221; open=&#8221;off&#8221;]<\/p>\n<p><span>Soy traductora de alem\u00e1n a ingl\u00e9s certificada por el Chartered Institute of Linguists (CIOL DipTrans) y licenciada en Filolog\u00eda Alemana. Mis proyectos anteriores abarcan desde subt\u00edtulos de pel\u00edculas hasta la traducci\u00f3n de p\u00e1ginas web. Si te gustar\u00eda trabajar conmigo en un proyecto de traducci\u00f3n, no dudes en escribirme. Estar\u00e9 encantada de analizar contigo los requisitos espec\u00edficos de tu proyecto a fondo.   <\/span><\/p>\n<p>[\/et_pb_accordion_item][et_pb_accordion_item title=&#8221;Clases de alem\u00e1n para GCSE y bachillerato (A-Levels)&#8221; _builder_version=&#8221;4.25.2&#8243; _module_preset=&#8221;default&#8221; global_colors_info=&#8221;{}&#8221; open=&#8221;off&#8221;]<\/p>\n<p>Al haberme licenciado en Filolog\u00eda Alemana y contar con m\u00e1s de 5 a\u00f1os de experiencia en el desarrollo de publicaciones educativas, soy especialmente indicada para dar clases particulares a quienes preparan ex\u00e1menes de alem\u00e1n GCSE o AS-Levels. Tambi\u00e9n doy clases de alem\u00e1n a personas que desean mejorar su nivel por residir en un pa\u00eds de habla alemana. <\/p>\n<p>[\/et_pb_accordion_item][\/et_pb_accordion][\/et_pb_column][\/et_pb_row][\/et_pb_section][et_pb_section fb_built=&#8221;1&#8243; admin_label=&#8221;Footer Section&#8221; _builder_version=&#8221;4.26.0&#8243; background_color=&#8221;#29c4a9&#8243; custom_padding=&#8221;100px||100px|&#8221; locked=&#8221;off&#8221; global_colors_info=&#8221;{}&#8221;][et_pb_row custom_padding_last_edited=&#8221;on|phone&#8221; _builder_version=&#8221;4.26.0&#8243; background_color=&#8221;#bc875e&#8221; custom_margin=&#8221;-10%|||&#8221; custom_padding=&#8221;70px|3%|70px|3%&#8221; custom_padding_tablet=&#8221;&#8221; custom_padding_phone=&#8221;&#8221; border_radii=&#8221;on|10px|10px|10px|10px&#8221; box_shadow_style=&#8221;preset2&#8243; box_shadow_horizontal=&#8221;0px&#8221; box_shadow_vertical=&#8221;35px&#8221; box_shadow_blur=&#8221;65px&#8221; box_shadow_color=&#8221;rgba(188,163,146,0.1)&#8221; global_colors_info=&#8221;{}&#8221;][et_pb_column type=&#8221;4_4&#8243; _builder_version=&#8221;4.16&#8243; custom_padding=&#8221;|||&#8221; global_colors_info=&#8221;{}&#8221; custom_padding__hover=&#8221;|||&#8221;][et_pb_blurb title=&#8221;Contactar con la autora&#8221; use_icon=&#8221;on&#8221; font_icon=&#8221;&#xe026;||divi||400&#8243; icon_color=&#8221;#ffffff&#8221; image_icon_background_color=&#8221;rgba(189,173,160,0)&#8221; image_icon_width=&#8221;32px&#8221; admin_label=&#8221;Contact Author&#8221; _builder_version=&#8221;4.26.0&#8243; header_font=&#8221;|700|||||||&#8221; header_text_color=&#8221;#ffffff&#8221; header_font_size=&#8221;24px&#8221; header_line_height=&#8221;1.2em&#8221; body_font=&#8221;||||||||&#8221; body_text_color=&#8221;#ffffff&#8221; body_font_size=&#8221;18px&#8221; image_icon_custom_padding=&#8221;25px|25px|25px|25px|false|false&#8221; text_orientation=&#8221;center&#8221; border_radii_image=&#8221;on|100%|100%|100%|100%&#8221; border_width_all_image=&#8221;3px&#8221; border_color_all_image=&#8221;#ffffff&#8221; icon_font_size=&#8221;32px&#8221; use_circle=&#8221;on&#8221; use_circle_border=&#8221;on&#8221; circle_border_color=&#8221;#ffffff&#8221; circle_color=&#8221;rgba(189,173,160,0)&#8221; locked=&#8221;off&#8221; global_colors_info=&#8221;{}&#8221; image_icon_background_color__sticky_enabled=&#8221;#7EBEC5&#8243; image_icon_background_color__sticky=&#8221;#7EBEC5&#8243;]<\/p>\n<p><span style=\"color: #ffffff;\"><a href=\"mailto:cameronwoodm@gmail.com\" style=\"color: #ffffff;\">cameronwoodm@gmail.com<\/a><\/span><\/p>\n<p>[\/et_pb_blurb][\/et_pb_column][\/et_pb_row][et_pb_row _builder_version=&#8221;4.16&#8243; custom_padding=&#8221;40px|0px|40px|0px&#8221; global_colors_info=&#8221;{}&#8221;][et_pb_column type=&#8221;4_4&#8243; _builder_version=&#8221;4.16&#8243; custom_padding=&#8221;|||&#8221; global_colors_info=&#8221;{}&#8221; custom_padding__hover=&#8221;|||&#8221;][et_pb_social_media_follow _builder_version=&#8221;4.26.0&#8243; text_orientation=&#8221;center&#8221; animation_style=&#8221;slide&#8221; animation_direction=&#8221;top&#8221; animation_intensity_slide=&#8221;10%&#8221; global_colors_info=&#8221;{}&#8221;][et_pb_social_media_follow_network social_network=&#8221;facebook&#8221; url=&#8221;https:\/\/www.facebook.com\/melitac2\/&#8221; _builder_version=&#8221;4.26.0&#8243; background_color=&#8221;#bc875e&#8221; background_enable_color=&#8221;on&#8221; custom_margin=&#8221;4px|4px|4px|4px&#8221; custom_padding=&#8221;8px|8px|8px|8px&#8221; global_colors_info=&#8221;{}&#8221; follow_button=&#8221;off&#8221; url_new_window=&#8221;on&#8221;]facebook[\/et_pb_social_media_follow_network][et_pb_social_media_follow_network social_network=&#8221;instagram&#8221; url=&#8221;https:\/\/www.instagram.com\/melitacam\/&#8221; _builder_version=&#8221;4.26.0&#8243; background_color=&#8221;#bc875e&#8221; background_enable_color=&#8221;on&#8221; custom_margin=&#8221;4px|4px|4px|4px&#8221; custom_padding=&#8221;8px|8px|8px|8px&#8221; global_colors_info=&#8221;{}&#8221; follow_button=&#8221;off&#8221; url_new_window=&#8221;on&#8221;]instagram[\/et_pb_social_media_follow_network][et_pb_social_media_follow_network social_network=&#8221;linkedin&#8221; _builder_version=&#8221;4.26.0&#8243; background_color=&#8221;#bc875e&#8221; background_enable_color=&#8221;on&#8221; custom_margin=&#8221;4px|4px|4px|4px&#8221; custom_padding=&#8221;8px|8px|8px|8px&#8221; global_colors_info=&#8221;{}&#8221; follow_button=&#8221;off&#8221; url_new_window=&#8221;on&#8221;]linkedin[\/et_pb_social_media_follow_network][\/et_pb_social_media_follow][\/et_pb_column][\/et_pb_row][\/et_pb_section]<\/p>\n","protected":false},"excerpt":{"rendered":"<p>Servicios ling\u00fc\u00edsticosSoy una profesora de ingl\u00e9s brit\u00e1nica con la certificaci\u00f3n CELTA. Doy clases individuales y en grupo para mejorar la confianza de las personas al comunicarse en ingl\u00e9s.Consulta las opciones que aparecen a continuaci\u00f3n: Clases de ingl\u00e9s comercial para empresas\/particulares Clases de ingl\u00e9s general en grupo\/individuales Cursos intensivos de gram\u00e1tica Clases de conversaci\u00f3n Ingl\u00e9s para [&hellip;]<\/p>\n","protected":false},"author":2,"featured_media":0,"parent":0,"menu_order":0,"comment_status":"closed","ping_status":"closed","template":"","meta":{"nf_dc_page":"","_et_pb_use_builder":"on","_et_pb_old_content":"","_et_gb_content_width":"","om_disable_all_campaigns":false,"_monsterinsights_skip_tracking":false,"_monsterinsights_sitenote_active":false,"_monsterinsights_sitenote_note":"","_monsterinsights_sitenote_category":0,"footnotes":""},"class_list":["post-1499","page","type-page","status-publish","hentry"],"yoast_head":"<!-- This site is optimized with the Yoast SEO plugin v27.4 - https:\/\/yoast.com\/product\/yoast-seo-wordpress\/ -->\n<title>Servicios ling\u00fc\u00edsticos - Melita Cameron-Wood<\/title>\n<meta name=\"robots\" content=\"index, follow, max-snippet:-1, max-image-preview:large, max-video-preview:-1\" \/>\n<link rel=\"canonical\" href=\"https:\/\/melita-cameron-wood.com\/es\/servicios-linguisticos\/\" \/>\n<meta property=\"og:locale\" content=\"es_ES\" \/>\n<meta property=\"og:type\" content=\"article\" \/>\n<meta property=\"og:title\" content=\"Servicios ling\u00fc\u00edsticos - Melita Cameron-Wood\" \/>\n<meta property=\"og:description\" content=\"Servicios ling\u00fc\u00edsticosSoy una profesora de ingl\u00e9s brit\u00e1nica con la certificaci\u00f3n CELTA. Doy clases individuales y en grupo para mejorar la confianza de las personas al comunicarse en ingl\u00e9s.Consulta las opciones que aparecen a continuaci\u00f3n: Clases de ingl\u00e9s comercial para empresas\/particulares Clases de ingl\u00e9s general en grupo\/individuales Cursos intensivos de gram\u00e1tica Clases de conversaci\u00f3n Ingl\u00e9s para [&hellip;]\" \/>\n<meta property=\"og:url\" content=\"https:\/\/melita-cameron-wood.com\/es\/servicios-linguisticos\/\" \/>\n<meta property=\"og:site_name\" content=\"Melita Cameron-Wood\" \/>\n<meta property=\"article:modified_time\" content=\"2025-07-31T16:10:53+00:00\" \/>\n<meta name=\"twitter:card\" content=\"summary_large_image\" \/>\n<meta name=\"twitter:label1\" content=\"Tiempo de lectura\" \/>\n\t<meta name=\"twitter:data1\" content=\"5 minutos\" \/>\n<script type=\"application\/ld+json\" class=\"yoast-schema-graph\">{\"@context\":\"https:\\\/\\\/schema.org\",\"@graph\":[{\"@type\":\"WebPage\",\"@id\":\"https:\\\/\\\/melita-cameron-wood.com\\\/es\\\/servicios-linguisticos\\\/\",\"url\":\"https:\\\/\\\/melita-cameron-wood.com\\\/es\\\/servicios-linguisticos\\\/\",\"name\":\"Servicios ling\u00fc\u00edsticos - Melita Cameron-Wood\",\"isPartOf\":{\"@id\":\"https:\\\/\\\/melita-cameron-wood.com\\\/es\\\/#website\"},\"datePublished\":\"2024-03-30T21:16:31+00:00\",\"dateModified\":\"2025-07-31T16:10:53+00:00\",\"breadcrumb\":{\"@id\":\"https:\\\/\\\/melita-cameron-wood.com\\\/es\\\/servicios-linguisticos\\\/#breadcrumb\"},\"inLanguage\":\"es\",\"potentialAction\":[{\"@type\":\"ReadAction\",\"target\":[\"https:\\\/\\\/melita-cameron-wood.com\\\/es\\\/servicios-linguisticos\\\/\"]}]},{\"@type\":\"BreadcrumbList\",\"@id\":\"https:\\\/\\\/melita-cameron-wood.com\\\/es\\\/servicios-linguisticos\\\/#breadcrumb\",\"itemListElement\":[{\"@type\":\"ListItem\",\"position\":1,\"name\":\"Home\",\"item\":\"https:\\\/\\\/melita-cameron-wood.com\\\/es\\\/quien-soy\\\/\"},{\"@type\":\"ListItem\",\"position\":2,\"name\":\"Servicios ling\u00fc\u00edsticos\"}]},{\"@type\":\"WebSite\",\"@id\":\"https:\\\/\\\/melita-cameron-wood.com\\\/es\\\/#website\",\"url\":\"https:\\\/\\\/melita-cameron-wood.com\\\/es\\\/\",\"name\":\"Melita Cameron-Wood\",\"description\":\"\",\"potentialAction\":[{\"@type\":\"SearchAction\",\"target\":{\"@type\":\"EntryPoint\",\"urlTemplate\":\"https:\\\/\\\/melita-cameron-wood.com\\\/es\\\/?s={search_term_string}\"},\"query-input\":{\"@type\":\"PropertyValueSpecification\",\"valueRequired\":true,\"valueName\":\"search_term_string\"}}],\"inLanguage\":\"es\"}]}<\/script>\n<!-- \/ Yoast SEO plugin. -->","yoast_head_json":{"title":"Servicios ling\u00fc\u00edsticos - Melita Cameron-Wood","robots":{"index":"index","follow":"follow","max-snippet":"max-snippet:-1","max-image-preview":"max-image-preview:large","max-video-preview":"max-video-preview:-1"},"canonical":"https:\/\/melita-cameron-wood.com\/es\/servicios-linguisticos\/","og_locale":"es_ES","og_type":"article","og_title":"Servicios ling\u00fc\u00edsticos - Melita Cameron-Wood","og_description":"Servicios ling\u00fc\u00edsticosSoy una profesora de ingl\u00e9s brit\u00e1nica con la certificaci\u00f3n CELTA. Doy clases individuales y en grupo para mejorar la confianza de las personas al comunicarse en ingl\u00e9s.Consulta las opciones que aparecen a continuaci\u00f3n: Clases de ingl\u00e9s comercial para empresas\/particulares Clases de ingl\u00e9s general en grupo\/individuales Cursos intensivos de gram\u00e1tica Clases de conversaci\u00f3n Ingl\u00e9s para [&hellip;]","og_url":"https:\/\/melita-cameron-wood.com\/es\/servicios-linguisticos\/","og_site_name":"Melita Cameron-Wood","article_modified_time":"2025-07-31T16:10:53+00:00","twitter_card":"summary_large_image","twitter_misc":{"Tiempo de lectura":"5 minutos"},"schema":{"@context":"https:\/\/schema.org","@graph":[{"@type":"WebPage","@id":"https:\/\/melita-cameron-wood.com\/es\/servicios-linguisticos\/","url":"https:\/\/melita-cameron-wood.com\/es\/servicios-linguisticos\/","name":"Servicios ling\u00fc\u00edsticos - Melita Cameron-Wood","isPartOf":{"@id":"https:\/\/melita-cameron-wood.com\/es\/#website"},"datePublished":"2024-03-30T21:16:31+00:00","dateModified":"2025-07-31T16:10:53+00:00","breadcrumb":{"@id":"https:\/\/melita-cameron-wood.com\/es\/servicios-linguisticos\/#breadcrumb"},"inLanguage":"es","potentialAction":[{"@type":"ReadAction","target":["https:\/\/melita-cameron-wood.com\/es\/servicios-linguisticos\/"]}]},{"@type":"BreadcrumbList","@id":"https:\/\/melita-cameron-wood.com\/es\/servicios-linguisticos\/#breadcrumb","itemListElement":[{"@type":"ListItem","position":1,"name":"Home","item":"https:\/\/melita-cameron-wood.com\/es\/quien-soy\/"},{"@type":"ListItem","position":2,"name":"Servicios ling\u00fc\u00edsticos"}]},{"@type":"WebSite","@id":"https:\/\/melita-cameron-wood.com\/es\/#website","url":"https:\/\/melita-cameron-wood.com\/es\/","name":"Melita Cameron-Wood","description":"","potentialAction":[{"@type":"SearchAction","target":{"@type":"EntryPoint","urlTemplate":"https:\/\/melita-cameron-wood.com\/es\/?s={search_term_string}"},"query-input":{"@type":"PropertyValueSpecification","valueRequired":true,"valueName":"search_term_string"}}],"inLanguage":"es"}]}},"jetpack_sharing_enabled":true,"_links":{"self":[{"href":"https:\/\/melita-cameron-wood.com\/es\/wp-json\/wp\/v2\/pages\/1499","targetHints":{"allow":["GET"]}}],"collection":[{"href":"https:\/\/melita-cameron-wood.com\/es\/wp-json\/wp\/v2\/pages"}],"about":[{"href":"https:\/\/melita-cameron-wood.com\/es\/wp-json\/wp\/v2\/types\/page"}],"author":[{"embeddable":true,"href":"https:\/\/melita-cameron-wood.com\/es\/wp-json\/wp\/v2\/users\/2"}],"replies":[{"embeddable":true,"href":"https:\/\/melita-cameron-wood.com\/es\/wp-json\/wp\/v2\/comments?post=1499"}],"version-history":[{"count":7,"href":"https:\/\/melita-cameron-wood.com\/es\/wp-json\/wp\/v2\/pages\/1499\/revisions"}],"predecessor-version":[{"id":1507,"href":"https:\/\/melita-cameron-wood.com\/es\/wp-json\/wp\/v2\/pages\/1499\/revisions\/1507"}],"wp:attachment":[{"href":"https:\/\/melita-cameron-wood.com\/es\/wp-json\/wp\/v2\/media?parent=1499"}],"curies":[{"name":"wp","href":"https:\/\/api.w.org\/{rel}","templated":true}]}}